{"id":1919,"date":"2021-05-06T11:18:39","date_gmt":"2021-05-06T09:18:39","guid":{"rendered":"https:\/\/kimfanlo.com\/playlist\/"},"modified":"2021-05-06T11:28:51","modified_gmt":"2021-05-06T09:28:51","slug":"playlist","status":"publish","type":"page","link":"https:\/\/kimfanlo.com\/en\/playlist\/","title":{"rendered":"Playlist"},"content":{"rendered":"<div class=\"wpb-content-wrapper\"><p>[vc_row css_animation=&#8221;&#8221; row_type=&#8221;row&#8221; use_row_as_full_screen_section=&#8221;no&#8221; type=&#8221;full_width&#8221; text_align=&#8221;left&#8221;][vc_column][vc_column_text]<\/p>\n<h5>Playlist with all the songs produced by Kim Fanlo<\/h5>\n<p>[\/vc_column_text][vc_empty_space height=&#8221;20px&#8221;][vc_raw_html]JTNDaWZyYW1lJTIwc3JjJTNEJTIyaHR0cHMlM0ElMkYlMkZvcGVuLnNwb3RpZnkuY29tJTJGZW1iZWQlMkZwbGF5bGlzdCUyRjdFbmR4QXUxNUpJYlgyZTkyRXkzMVIlMjIlMjB3aWR0aCUzRCUyMjEwMCUyNSUyMiUyMGhlaWdodCUzRCUyMjYwMCUyMiUyMGZyYW1lYm9yZGVyJTNEJTIyMCUyMiUyMGFsbG93dHJhbnNwYXJlbmN5JTNEJTIydHJ1ZSUyMiUyMGFsbG93JTNEJTIyZW5jcnlwdGVkLW1lZGlhJTIyJTNFJTNDJTJGaWZyYW1lJTNF[\/vc_raw_html][\/vc_column][\/vc_row]<\/p>\n<\/div>","protected":false},"excerpt":{"rendered":"<p>[vc_row css_animation=&#8221;&#8221; row_type=&#8221;row&#8221; use_row_as_full_screen_section=&#8221;no&#8221; type=&#8221;full_width&#8221; text_align=&#8221;left&#8221;][vc_column][vc_column_text] Playlist with all the songs produced by Kim Fanlo [\/vc_column_text][vc_empty_space height=&#8221;20px&#8221;][vc_raw_html]JTNDaWZyYW1lJTIwc3JjJTNEJTIyaHR0cHMlM0ElMkYlMkZvcGVuLnNwb3RpZnkuY29tJTJGZW1iZWQlMkZwbGF5bGlzdCUyRjdFbmR4QXUxNUpJYlgyZTkyRXkzMVIlMjIlMjB3aWR0aCUzRCUyMjEwMCUyNSUyMiUyMGhlaWdodCUzRCUyMjYwMCUyMiUyMGZyYW1lYm9yZGVyJTNEJTIyMCUyMiUyMGFsbG93dHJhbnNwYXJlbmN5JTNEJTIydHJ1ZSUyMiUyMGFsbG93JTNEJTIyZW5jcnlwdGVkLW1lZGlhJTIyJTNFJTNDJTJGaWZyYW1lJTNF[\/vc_raw_html][\/vc_column][\/vc_row]<\/p>\n","protected":false},"author":1,"featured_media":0,"parent":0,"menu_order":0,"comment_status":"closed","ping_status":"closed","template":"","meta":{"footnotes":""},"yoast_head":"<!-- This site is optimized with the Yoast SEO plugin v21.7 - https:\/\/yoast.com\/wordpress\/plugins\/seo\/ -->\n<title>Kim Fanlo | Playlist<\/title>\n<meta name=\"description\" content=\"Producer, arranger, composer, and session and live musician\/guitarist\/bassist. Wicked Sound is his recording studio in Barcelona.\" \/>\n<meta name=\"robots\" content=\"index, follow, max-snippet:-1, max-image-preview:large, max-video-preview:-1\" \/>\n<link rel=\"canonical\" href=\"https:\/\/kimfanlo.com\/en\/playlist\/\" \/>\n<meta property=\"og:locale\" content=\"en_US\" \/>\n<meta property=\"og:type\" content=\"article\" \/>\n<meta property=\"og:title\" content=\"Kim Fanlo | Playlist\" \/>\n<meta property=\"og:description\" content=\"Producer, arranger, composer, and session and live musician\/guitarist\/bassist. Wicked Sound is his recording studio in Barcelona.\" \/>\n<meta property=\"og:url\" content=\"https:\/\/kimfanlo.com\/en\/playlist\/\" \/>\n<meta property=\"og:site_name\" content=\"Kim Fanlo\" \/>\n<meta property=\"article:publisher\" content=\"https:\/\/www.facebook.com\/kim.fanlo\" \/>\n<meta property=\"article:modified_time\" content=\"2021-05-06T09:28:51+00:00\" \/>\n<meta property=\"og:image\" content=\"https:\/\/kimfanlo.com\/wp-content\/uploads\/2016\/11\/fbimagedark.jpg\" \/>\n\t<meta property=\"og:image:width\" content=\"1200\" \/>\n\t<meta property=\"og:image:height\" content=\"628\" \/>\n\t<meta property=\"og:image:type\" content=\"image\/jpeg\" \/>\n<meta name=\"twitter:card\" content=\"summary_large_image\" \/>\n<meta name=\"twitter:site\" content=\"@kimfanlo\" \/>\n<script type=\"application\/ld+json\" class=\"yoast-schema-graph\">{\"@context\":\"https:\/\/schema.org\",\"@graph\":[{\"@type\":\"WebPage\",\"@id\":\"https:\/\/kimfanlo.com\/en\/playlist\/\",\"url\":\"https:\/\/kimfanlo.com\/en\/playlist\/\",\"name\":\"Kim Fanlo | Playlist\",\"isPartOf\":{\"@id\":\"https:\/\/kimfanlo.com\/#website\"},\"datePublished\":\"2021-05-06T09:18:39+00:00\",\"dateModified\":\"2021-05-06T09:28:51+00:00\",\"description\":\"Producer, arranger, composer, and session and live musician\/guitarist\/bassist. Wicked Sound is his recording studio in Barcelona.\",\"breadcrumb\":{\"@id\":\"https:\/\/kimfanlo.com\/en\/playlist\/#breadcrumb\"},\"inLanguage\":\"en-US\",\"potentialAction\":[{\"@type\":\"ReadAction\",\"target\":[\"https:\/\/kimfanlo.com\/en\/playlist\/\"]}]},{\"@type\":\"BreadcrumbList\",\"@id\":\"https:\/\/kimfanlo.com\/en\/playlist\/#breadcrumb\",\"itemListElement\":[{\"@type\":\"ListItem\",\"position\":1,\"name\":\"Portada\",\"item\":\"https:\/\/kimfanlo.com\/en\/\"},{\"@type\":\"ListItem\",\"position\":2,\"name\":\"Playlist\"}]},{\"@type\":\"WebSite\",\"@id\":\"https:\/\/kimfanlo.com\/#website\",\"url\":\"https:\/\/kimfanlo.com\/\",\"name\":\"Kim Fanlo\",\"description\":\"Sitio oficial del m\u00fasico y productor barcelon\u00e9s . Biograf\u00eda, discograf\u00eda, noticias, fechas de conciertos, v\u00eddeos y fotograf\u00edas.\",\"publisher\":{\"@id\":\"https:\/\/kimfanlo.com\/#organization\"},\"potentialAction\":[{\"@type\":\"SearchAction\",\"target\":{\"@type\":\"EntryPoint\",\"urlTemplate\":\"https:\/\/kimfanlo.com\/?s={search_term_string}\"},\"query-input\":\"required name=search_term_string\"}],\"inLanguage\":\"en-US\"},{\"@type\":\"Organization\",\"@id\":\"https:\/\/kimfanlo.com\/#organization\",\"name\":\"Kim Fanlo\",\"url\":\"https:\/\/kimfanlo.com\/\",\"logo\":{\"@type\":\"ImageObject\",\"inLanguage\":\"en-US\",\"@id\":\"https:\/\/kimfanlo.com\/#\/schema\/logo\/image\/\",\"url\":\"https:\/\/kimfanlo.com\/wp-content\/uploads\/2023\/12\/LogoSEO.jpg\",\"contentUrl\":\"https:\/\/kimfanlo.com\/wp-content\/uploads\/2023\/12\/LogoSEO.jpg\",\"width\":696,\"height\":696,\"caption\":\"Kim Fanlo\"},\"image\":{\"@id\":\"https:\/\/kimfanlo.com\/#\/schema\/logo\/image\/\"},\"sameAs\":[\"https:\/\/www.facebook.com\/kim.fanlo\",\"https:\/\/twitter.com\/kimfanlo\"]}]}<\/script>\n<!-- \/ Yoast SEO plugin. -->","yoast_head_json":{"title":"Kim Fanlo | Playlist","description":"Producer, arranger, composer, and session and live musician\/guitarist\/bassist. Wicked Sound is his recording studio in Barcelona.","robots":{"index":"index","follow":"follow","max-snippet":"max-snippet:-1","max-image-preview":"max-image-preview:large","max-video-preview":"max-video-preview:-1"},"canonical":"https:\/\/kimfanlo.com\/en\/playlist\/","og_locale":"en_US","og_type":"article","og_title":"Kim Fanlo | Playlist","og_description":"Producer, arranger, composer, and session and live musician\/guitarist\/bassist. Wicked Sound is his recording studio in Barcelona.","og_url":"https:\/\/kimfanlo.com\/en\/playlist\/","og_site_name":"Kim Fanlo","article_publisher":"https:\/\/www.facebook.com\/kim.fanlo","article_modified_time":"2021-05-06T09:28:51+00:00","og_image":[{"width":1200,"height":628,"url":"https:\/\/kimfanlo.com\/wp-content\/uploads\/2016\/11\/fbimagedark.jpg","type":"image\/jpeg"}],"twitter_card":"summary_large_image","twitter_site":"@kimfanlo","schema":{"@context":"https:\/\/schema.org","@graph":[{"@type":"WebPage","@id":"https:\/\/kimfanlo.com\/en\/playlist\/","url":"https:\/\/kimfanlo.com\/en\/playlist\/","name":"Kim Fanlo | Playlist","isPartOf":{"@id":"https:\/\/kimfanlo.com\/#website"},"datePublished":"2021-05-06T09:18:39+00:00","dateModified":"2021-05-06T09:28:51+00:00","description":"Producer, arranger, composer, and session and live musician\/guitarist\/bassist. Wicked Sound is his recording studio in Barcelona.","breadcrumb":{"@id":"https:\/\/kimfanlo.com\/en\/playlist\/#breadcrumb"},"inLanguage":"en-US","potentialAction":[{"@type":"ReadAction","target":["https:\/\/kimfanlo.com\/en\/playlist\/"]}]},{"@type":"BreadcrumbList","@id":"https:\/\/kimfanlo.com\/en\/playlist\/#breadcrumb","itemListElement":[{"@type":"ListItem","position":1,"name":"Portada","item":"https:\/\/kimfanlo.com\/en\/"},{"@type":"ListItem","position":2,"name":"Playlist"}]},{"@type":"WebSite","@id":"https:\/\/kimfanlo.com\/#website","url":"https:\/\/kimfanlo.com\/","name":"Kim Fanlo","description":"Sitio oficial del m\u00fasico y productor barcelon\u00e9s . Biograf\u00eda, discograf\u00eda, noticias, fechas de conciertos, v\u00eddeos y fotograf\u00edas.","publisher":{"@id":"https:\/\/kimfanlo.com\/#organization"},"potentialAction":[{"@type":"SearchAction","target":{"@type":"EntryPoint","urlTemplate":"https:\/\/kimfanlo.com\/?s={search_term_string}"},"query-input":"required name=search_term_string"}],"inLanguage":"en-US"},{"@type":"Organization","@id":"https:\/\/kimfanlo.com\/#organization","name":"Kim Fanlo","url":"https:\/\/kimfanlo.com\/","logo":{"@type":"ImageObject","inLanguage":"en-US","@id":"https:\/\/kimfanlo.com\/#\/schema\/logo\/image\/","url":"https:\/\/kimfanlo.com\/wp-content\/uploads\/2023\/12\/LogoSEO.jpg","contentUrl":"https:\/\/kimfanlo.com\/wp-content\/uploads\/2023\/12\/LogoSEO.jpg","width":696,"height":696,"caption":"Kim Fanlo"},"image":{"@id":"https:\/\/kimfanlo.com\/#\/schema\/logo\/image\/"},"sameAs":["https:\/\/www.facebook.com\/kim.fanlo","https:\/\/twitter.com\/kimfanlo"]}]}},"_links":{"self":[{"href":"https:\/\/kimfanlo.com\/en\/wp-json\/wp\/v2\/pages\/1919"}],"collection":[{"href":"https:\/\/kimfanlo.com\/en\/wp-json\/wp\/v2\/pages"}],"about":[{"href":"https:\/\/kimfanlo.com\/en\/wp-json\/wp\/v2\/types\/page"}],"author":[{"embeddable":true,"href":"https:\/\/kimfanlo.com\/en\/wp-json\/wp\/v2\/users\/1"}],"replies":[{"embeddable":true,"href":"https:\/\/kimfanlo.com\/en\/wp-json\/wp\/v2\/comments?post=1919"}],"version-history":[{"count":0,"href":"https:\/\/kimfanlo.com\/en\/wp-json\/wp\/v2\/pages\/1919\/revisions"}],"wp:attachment":[{"href":"https:\/\/kimfanlo.com\/en\/wp-json\/wp\/v2\/media?parent=1919"}],"curies":[{"name":"wp","href":"https:\/\/api.w.org\/{rel}","templated":true}]}}