{"id":1529,"date":"2015-10-27T12:50:52","date_gmt":"2015-10-27T11:50:52","guid":{"rendered":"http:\/\/kimfanlo.com\/biografia\/"},"modified":"2023-12-29T00:32:31","modified_gmt":"2023-12-28T23:32:31","slug":"biography","status":"publish","type":"page","link":"https:\/\/kimfanlo.com\/en\/biography\/","title":{"rendered":"Biography"},"content":{"rendered":"<div class=\"wpb-content-wrapper\"><p>[vc_row css_animation=&#8221;&#8221; row_type=&#8221;row&#8221; use_row_as_full_screen_section=&#8221;no&#8221; type=&#8221;full_width&#8221; text_align=&#8221;left&#8221;][vc_column][vc_single_image image=&#8221;1422&#8243; img_size=&#8221;full&#8221; alignment=&#8221;center&#8221; style=&#8221;vc_box_outline&#8221; border_color=&#8221;black&#8221; qode_css_animation=&#8221;&#8221; css=&#8221;.vc_custom_1480939315919{margin-top: 0px !important;margin-right: 0px !important;margin-bottom: 0px !important;margin-left: 0px !important;padding-top: 0px !important;padding-right: 0px !important;padding-bottom: 0px !important;padding-left: 0px !important;}&#8221;][vc_single_image image=&#8221;1483&#8243; img_size=&#8221;full&#8221; alignment=&#8221;center&#8221; qode_css_animation=&#8221;&#8221;][\/vc_column][\/vc_row][vc_row css_animation=&#8221;&#8221; row_type=&#8221;row&#8221; use_row_as_full_screen_section=&#8221;no&#8221; type=&#8221;grid&#8221; text_align=&#8221;left&#8221; pattern_background=&#8221;pattern_background&#8221; background_color=&#8221;rgba(0,0,0,0.78)&#8221; padding_top=&#8221;5&#8243; padding_bottom=&#8221;5&#8243; full_height=&#8221;yes&#8221; css=&#8221;.vc_custom_1479228521211{margin-top: 10px !important;border-radius: 1px !important;}&#8221;][vc_column css=&#8221;.vc_custom_1447760846668{background-position: center !important;background-repeat: no-repeat !important;background-size: contain !important;}&#8221;][vc_column_text css=&#8221;.vc_custom_1620139381182{padding-top: 5px !important;padding-right: 20px !important;padding-bottom: 20px !important;padding-left: 20px !important;background-position: center !important;background-repeat: no-repeat !important;background-size: cover !important;border-radius: 2px !important;}&#8221;]Kim Fanlo (Barcelona, January 5, 1979) is a musician, producer, arranger, and composer.<\/p>\n<p>Influenced by his older brothers, he begins listening to bands like Kiss, The Police, and Metallica at a very young age, which spark his interest in music.<\/p>\n<p>At the age of eight he starts to teach himself to play the guitar and a year later begins studying music theory and classical guitar.<\/p>\n<p>When he is seventeen years old he produces his first demos and starts playing music professionally, working as session guitar\/bass player, and collaborating with artists and producers like Bunbury and Howie B.<\/p>\n<p>In 2003, after joining as bass player in the backing band on tour with the second series of Spanish reality-show talent contest Operaci\u00f3n Triunfo,  he and Mai Meneses start giving shape to what, a few years later, becomes duo Nena Daconte.<\/p>\n<p>In September, 2005, they self-release their first album, He Perdido los Zapatos, on their own record label, Daconte Music. Kim produces the album.<\/p>\n<p>One month later, Universal Music Spain signs the duo and launches this same album in March, 2006.<\/p>\n<p>The duo is awarded its first gold record in Spain (more than 70,000 copies sold) only a few months after its release. They also receive numerous awards, such as the 2006 Ondas Award for Best New Artist, two Premios de la M\u00fasica Awards (Best New Artist and Best New Author), Los40 Principales Award for Best New Artist 2006, Los N\u00fameros 1 de Cadena 100 Award for Best New Artist 2007, among others.<\/p>\n<p>Their second single, \u201cEn Qu\u00e9 Estrella Estar\u00e1\u201c, is chosen as the theme song for the Vuelta a Espa\u00f1a 2006 and stays at number one for five weeks on the country\u2019s main radio stations, such as Los 40 Principales and Cadena 100.<\/p>\n<p>The album takes them on tour for more than two years with more than 150 concerts, covering most of Spain and with two concerts in Berlin and Paris.<\/p>\n<p>Their second album, Retales de Carnaval (also produced by Kim), is released in September, 2008, and brings them more success. The album goes platinum in Spain (more than 80,000 copies sold), and their first single, \u201cTen\u00eda tanto que darte\u201c, receives two Premios de la M\u00fasica Awards (Best Song and Best Video, directed by Marc Lozano\/Nanouk Films). The single stays at number one for two weeks on the \u201cDel 40 al 1\u201d list by Spanish radio station Los 40 Principales, and becomes the top-selling song on iTunes Spain in 2008.<\/p>\n<p>After touring for more than a year and playing more than 90 concerts (the last one in Buenos Aires), the duo decides to split up.<\/p>\n<p>Since then, Kim focuses on creating Wicked Sound, his own recording studio in Barcelona and continues recording bands and artists such as Georgina, with whom he produces several songs from the Rara album (Warner Music Spain, 2012 ) and Dilema (Warner Music Spain, 2015) or also Pablo L\u00f3pez. Together they receive 2 gold records for the two albums Once Historias Y Un Piano and El Mundo Y Los Amantes Inocentes. The Spanish artist also receives numerous awards as New Artist on the country\u2019s main radio stations and is nominated for Best New Artist in the 15th Latin Grammy Awards in 2014.<\/p>\n<p>In the 17th Latin Grammy Awards, El Mundo Y Los Amantes Inocentes receives two new nominations: one for Best Contemporary Pop Vocal Album, and another goes to Kim Fanlo for Producer of the Year.<\/p>\n<p>Kim is currently musical director and guitarist of El Mundo Tour, with 100 concerts covering all of Spain and including cities like Buenos Aires, Santiago, Mexico City, New York and Las Vegas, joining Juanes to open the ceremony of the 17th Latin Grammy Awards.<\/p>\n<p>Camino, Fuego y Libertad (Universal Music Spain, 2017), the third album produced by Kim for Pablo L\u00f3pez, achieves double platinum for the sales of more than 80,000 copies, receives a new nomination at the 19th edition of the Latin Grammys for Best Contemporary Vocal Pop Album, as well as the 40 Principales Award for best song of the year for \u201cEl Patio\u201d, which also rises to the top, reaching number 1 on the list \u201cFrom 40 to 1\u201d of the same station.<\/p>\n<p>Also as musical director and guitarist, of \u201cTour Santa Libertad\u201d where the \u201csold out\u201d sign is hung in almost all of his concerts, filling spaces such as the Wizink Center in Madrid or the Palau Sant Jordi in Barcelona.[\/vc_column_text][\/vc_column][\/vc_row][vc_row css_animation=&#8221;&#8221; row_type=&#8221;row&#8221; use_row_as_full_screen_section=&#8221;no&#8221; type=&#8221;full_width&#8221; text_align=&#8221;left&#8221;][vc_column][vc_empty_space height=&#8221;50px&#8221;][\/vc_column][\/vc_row]<\/p>\n<\/div>","protected":false},"excerpt":{"rendered":"<p>[vc_row css_animation=&#8221;&#8221; row_type=&#8221;row&#8221; use_row_as_full_screen_section=&#8221;no&#8221; type=&#8221;full_width&#8221; text_align=&#8221;left&#8221;][vc_column][vc_single_image image=&#8221;1422&#8243; img_size=&#8221;full&#8221; alignment=&#8221;center&#8221; style=&#8221;vc_box_outline&#8221; border_color=&#8221;black&#8221; qode_css_animation=&#8221;&#8221; css=&#8221;.vc_custom_1480939315919{margin-top: 0px !important;margin-right: 0px !important;margin-bottom: 0px !important;margin-left: 0px !important;padding-top: 0px !important;padding-right: 0px !important;padding-bottom: 0px !important;padding-left: 0px !important;}&#8221;][vc_single_image image=&#8221;1483&#8243; img_size=&#8221;full&#8221; alignment=&#8221;center&#8221; qode_css_animation=&#8221;&#8221;][\/vc_column][\/vc_row][vc_row css_animation=&#8221;&#8221; row_type=&#8221;row&#8221; use_row_as_full_screen_section=&#8221;no&#8221; type=&#8221;grid&#8221; text_align=&#8221;left&#8221; pattern_background=&#8221;pattern_background&#8221; background_color=&#8221;rgba(0,0,0,0.78)&#8221; padding_top=&#8221;5&#8243; padding_bottom=&#8221;5&#8243; full_height=&#8221;yes&#8221; css=&#8221;.vc_custom_1479228521211{margin-top: 10px&#8230;<\/p>\n","protected":false},"author":1,"featured_media":0,"parent":0,"menu_order":0,"comment_status":"closed","ping_status":"closed","template":"","meta":{"footnotes":""},"yoast_head":"<!-- This site is optimized with the Yoast SEO plugin v21.7 - https:\/\/yoast.com\/wordpress\/plugins\/seo\/ -->\n<title>Kim Fanlo | Biography<\/title>\n<meta name=\"description\" content=\"Musician, session and live guitar\/bass player, arranger and musical producer. Wicked Sound is his music production company and recording studio.\" \/>\n<meta name=\"robots\" content=\"index, follow, max-snippet:-1, max-image-preview:large, max-video-preview:-1\" \/>\n<link rel=\"canonical\" href=\"https:\/\/kimfanlo.com\/biografia\/\" \/>\n<meta property=\"og:locale\" content=\"en_US\" \/>\n<meta property=\"og:type\" content=\"article\" \/>\n<meta property=\"og:title\" content=\"Kim Fanlo\" \/>\n<meta property=\"og:description\" content=\"Musician, session and live guitar\/bass player, arranger and musical producer. Wicked Sound is his music production company and recording studio.\" \/>\n<meta property=\"og:url\" content=\"https:\/\/kimfanlo.com\/biografia\/\" \/>\n<meta property=\"og:site_name\" content=\"Kim Fanlo\" \/>\n<meta property=\"article:publisher\" content=\"https:\/\/www.facebook.com\/kim.fanlo\" \/>\n<meta property=\"article:modified_time\" content=\"2023-12-28T23:32:31+00:00\" \/>\n<meta property=\"og:image\" content=\"https:\/\/kimfanlo.com\/wp-content\/uploads\/2016\/11\/fbimagedark.jpg\" \/>\n\t<meta property=\"og:image:width\" content=\"1200\" \/>\n\t<meta property=\"og:image:height\" content=\"628\" \/>\n\t<meta property=\"og:image:type\" content=\"image\/jpeg\" \/>\n<meta name=\"twitter:card\" content=\"summary_large_image\" \/>\n<meta name=\"twitter:title\" content=\"Kim Fanlo\" \/>\n<meta name=\"twitter:description\" content=\"Kim Fanlo, m\u00fasico, guitarrista\/bajista de sesi\u00f3n y directo, arreglista y productor musical.\" \/>\n<meta name=\"twitter:image\" content=\"http:\/\/nordic-pack.com\/kimfanlo\/wp-content\/uploads\/sites\/37\/2015\/10\/Bajo-Kim-home-e1447924580631.jpg\" \/>\n<meta name=\"twitter:site\" content=\"@kimfanlo\" \/>\n<meta name=\"twitter:label1\" content=\"Est. reading time\" \/>\n\t<meta name=\"twitter:data1\" content=\"5 minutes\" \/>\n<script type=\"application\/ld+json\" class=\"yoast-schema-graph\">{\"@context\":\"https:\/\/schema.org\",\"@graph\":[{\"@type\":\"WebPage\",\"@id\":\"https:\/\/kimfanlo.com\/biografia\/\",\"url\":\"https:\/\/kimfanlo.com\/biografia\/\",\"name\":\"Kim Fanlo | Biography\",\"isPartOf\":{\"@id\":\"https:\/\/kimfanlo.com\/#website\"},\"datePublished\":\"2015-10-27T11:50:52+00:00\",\"dateModified\":\"2023-12-28T23:32:31+00:00\",\"description\":\"Musician, session and live guitar\/bass player, arranger and musical producer. Wicked Sound is his music production company and recording studio.\",\"breadcrumb\":{\"@id\":\"https:\/\/kimfanlo.com\/biografia\/#breadcrumb\"},\"inLanguage\":\"en-US\",\"potentialAction\":[{\"@type\":\"ReadAction\",\"target\":[\"https:\/\/kimfanlo.com\/biografia\/\"]}]},{\"@type\":\"BreadcrumbList\",\"@id\":\"https:\/\/kimfanlo.com\/biografia\/#breadcrumb\",\"itemListElement\":[{\"@type\":\"ListItem\",\"position\":1,\"name\":\"Portada\",\"item\":\"https:\/\/kimfanlo.com\/en\/\"},{\"@type\":\"ListItem\",\"position\":2,\"name\":\"Biography\"}]},{\"@type\":\"WebSite\",\"@id\":\"https:\/\/kimfanlo.com\/#website\",\"url\":\"https:\/\/kimfanlo.com\/\",\"name\":\"Kim Fanlo\",\"description\":\"Sitio oficial del m\u00fasico y productor barcelon\u00e9s . Biograf\u00eda, discograf\u00eda, noticias, fechas de conciertos, v\u00eddeos y fotograf\u00edas.\",\"publisher\":{\"@id\":\"https:\/\/kimfanlo.com\/#organization\"},\"potentialAction\":[{\"@type\":\"SearchAction\",\"target\":{\"@type\":\"EntryPoint\",\"urlTemplate\":\"https:\/\/kimfanlo.com\/?s={search_term_string}\"},\"query-input\":\"required name=search_term_string\"}],\"inLanguage\":\"en-US\"},{\"@type\":\"Organization\",\"@id\":\"https:\/\/kimfanlo.com\/#organization\",\"name\":\"Kim Fanlo\",\"url\":\"https:\/\/kimfanlo.com\/\",\"logo\":{\"@type\":\"ImageObject\",\"inLanguage\":\"en-US\",\"@id\":\"https:\/\/kimfanlo.com\/#\/schema\/logo\/image\/\",\"url\":\"https:\/\/kimfanlo.com\/wp-content\/uploads\/2023\/12\/LogoSEO.jpg\",\"contentUrl\":\"https:\/\/kimfanlo.com\/wp-content\/uploads\/2023\/12\/LogoSEO.jpg\",\"width\":696,\"height\":696,\"caption\":\"Kim Fanlo\"},\"image\":{\"@id\":\"https:\/\/kimfanlo.com\/#\/schema\/logo\/image\/\"},\"sameAs\":[\"https:\/\/www.facebook.com\/kim.fanlo\",\"https:\/\/twitter.com\/kimfanlo\"]}]}<\/script>\n<!-- \/ Yoast SEO plugin. -->","yoast_head_json":{"title":"Kim Fanlo | Biography","description":"Musician, session and live guitar\/bass player, arranger and musical producer. Wicked Sound is his music production company and recording studio.","robots":{"index":"index","follow":"follow","max-snippet":"max-snippet:-1","max-image-preview":"max-image-preview:large","max-video-preview":"max-video-preview:-1"},"canonical":"https:\/\/kimfanlo.com\/biografia\/","og_locale":"en_US","og_type":"article","og_title":"Kim Fanlo","og_description":"Musician, session and live guitar\/bass player, arranger and musical producer. Wicked Sound is his music production company and recording studio.","og_url":"https:\/\/kimfanlo.com\/biografia\/","og_site_name":"Kim Fanlo","article_publisher":"https:\/\/www.facebook.com\/kim.fanlo","article_modified_time":"2023-12-28T23:32:31+00:00","og_image":[{"width":1200,"height":628,"url":"https:\/\/kimfanlo.com\/wp-content\/uploads\/2016\/11\/fbimagedark.jpg","type":"image\/jpeg"}],"twitter_card":"summary_large_image","twitter_title":"Kim Fanlo","twitter_description":"Kim Fanlo, m\u00fasico, guitarrista\/bajista de sesi\u00f3n y directo, arreglista y productor musical.","twitter_image":"http:\/\/nordic-pack.com\/kimfanlo\/wp-content\/uploads\/sites\/37\/2015\/10\/Bajo-Kim-home-e1447924580631.jpg","twitter_site":"@kimfanlo","twitter_misc":{"Est. reading time":"5 minutes"},"schema":{"@context":"https:\/\/schema.org","@graph":[{"@type":"WebPage","@id":"https:\/\/kimfanlo.com\/biografia\/","url":"https:\/\/kimfanlo.com\/biografia\/","name":"Kim Fanlo | Biography","isPartOf":{"@id":"https:\/\/kimfanlo.com\/#website"},"datePublished":"2015-10-27T11:50:52+00:00","dateModified":"2023-12-28T23:32:31+00:00","description":"Musician, session and live guitar\/bass player, arranger and musical producer. Wicked Sound is his music production company and recording studio.","breadcrumb":{"@id":"https:\/\/kimfanlo.com\/biografia\/#breadcrumb"},"inLanguage":"en-US","potentialAction":[{"@type":"ReadAction","target":["https:\/\/kimfanlo.com\/biografia\/"]}]},{"@type":"BreadcrumbList","@id":"https:\/\/kimfanlo.com\/biografia\/#breadcrumb","itemListElement":[{"@type":"ListItem","position":1,"name":"Portada","item":"https:\/\/kimfanlo.com\/en\/"},{"@type":"ListItem","position":2,"name":"Biography"}]},{"@type":"WebSite","@id":"https:\/\/kimfanlo.com\/#website","url":"https:\/\/kimfanlo.com\/","name":"Kim Fanlo","description":"Sitio oficial del m\u00fasico y productor barcelon\u00e9s . Biograf\u00eda, discograf\u00eda, noticias, fechas de conciertos, v\u00eddeos y fotograf\u00edas.","publisher":{"@id":"https:\/\/kimfanlo.com\/#organization"},"potentialAction":[{"@type":"SearchAction","target":{"@type":"EntryPoint","urlTemplate":"https:\/\/kimfanlo.com\/?s={search_term_string}"},"query-input":"required name=search_term_string"}],"inLanguage":"en-US"},{"@type":"Organization","@id":"https:\/\/kimfanlo.com\/#organization","name":"Kim Fanlo","url":"https:\/\/kimfanlo.com\/","logo":{"@type":"ImageObject","inLanguage":"en-US","@id":"https:\/\/kimfanlo.com\/#\/schema\/logo\/image\/","url":"https:\/\/kimfanlo.com\/wp-content\/uploads\/2023\/12\/LogoSEO.jpg","contentUrl":"https:\/\/kimfanlo.com\/wp-content\/uploads\/2023\/12\/LogoSEO.jpg","width":696,"height":696,"caption":"Kim Fanlo"},"image":{"@id":"https:\/\/kimfanlo.com\/#\/schema\/logo\/image\/"},"sameAs":["https:\/\/www.facebook.com\/kim.fanlo","https:\/\/twitter.com\/kimfanlo"]}]}},"_links":{"self":[{"href":"https:\/\/kimfanlo.com\/en\/wp-json\/wp\/v2\/pages\/1529"}],"collection":[{"href":"https:\/\/kimfanlo.com\/en\/wp-json\/wp\/v2\/pages"}],"about":[{"href":"https:\/\/kimfanlo.com\/en\/wp-json\/wp\/v2\/types\/page"}],"author":[{"embeddable":true,"href":"https:\/\/kimfanlo.com\/en\/wp-json\/wp\/v2\/users\/1"}],"replies":[{"embeddable":true,"href":"https:\/\/kimfanlo.com\/en\/wp-json\/wp\/v2\/comments?post=1529"}],"version-history":[{"count":3,"href":"https:\/\/kimfanlo.com\/en\/wp-json\/wp\/v2\/pages\/1529\/revisions"}],"predecessor-version":[{"id":1986,"href":"https:\/\/kimfanlo.com\/en\/wp-json\/wp\/v2\/pages\/1529\/revisions\/1986"}],"wp:attachment":[{"href":"https:\/\/kimfanlo.com\/en\/wp-json\/wp\/v2\/media?parent=1529"}],"curies":[{"name":"wp","href":"https:\/\/api.w.org\/{rel}","templated":true}]}}