{"id":1524,"date":"2015-10-27T12:47:18","date_gmt":"2015-10-27T11:47:18","guid":{"rendered":"http:\/\/kimfanlo.com\/contacto\/"},"modified":"2023-12-22T15:13:48","modified_gmt":"2023-12-22T14:13:48","slug":"contact","status":"publish","type":"page","link":"https:\/\/kimfanlo.com\/en\/contact\/","title":{"rendered":"Contact"},"content":{"rendered":"<div class=\"wpb-content-wrapper\"><p>[vc_row css_animation=&#8221;&#8221; row_type=&#8221;row&#8221; use_row_as_full_screen_section=&#8221;no&#8221; type=&#8221;grid&#8221; text_align=&#8221;center&#8221; padding_top=&#8221;0&#8243; padding_bottom=&#8221;0&#8243;][vc_column][vc_empty_space][vc_column_text]<\/p>\n<div dir=\"ltr\">\n<div class=\"gmail_extra\">\n<div class=\"gmail_quote\">\n<h4 style=\"text-align: center;\">FOR BOOKING AND INFORMATION, PLEASE CONTACT<\/h4>\n<h4 style=\"text-align: center;\"><\/h4>\n<\/div>\n<\/div>\n<\/div>\n<p>[\/vc_column_text][vc_row_inner row_type=&#8221;row&#8221; type=&#8221;full_width&#8221; use_row_as_full_screen_section_slide=&#8221;no&#8221; text_align=&#8221;left&#8221; background_color=&#8221;rgba(0,0,0,0.25)&#8221; css_animation=&#8221;&#8221;][vc_column_inner width=&#8221;1\/2&#8243;][vc_single_image image=&#8221;1504&#8243; img_size=&#8221;full&#8221; alignment=&#8221;center&#8221; onclick=&#8221;custom_link&#8221; img_link_target=&#8221;_blank&#8221; qode_css_animation=&#8221;&#8221; link=&#8221;mailto:Elisabeth.Comabella@ecomusicservices.com&#8221;][vc_column_text el_class=&#8221;contacttext&#8221;]<\/p>\n<p style=\"text-align: center;\">ELISABETH COMABELLA<\/p>\n<p style=\"text-align: center;\">ECO MUSIC SERVICES<\/p>\n<p style=\"text-align: center;\">PHONE +34\u00a0651829084<\/p>\n<p style=\"text-align: center;\"><a href=\"mailto:Elisabeth.Comabella@ecomusicservices.com\" target=\"_blank\" rel=\"noopener noreferrer\">Elisabeth.Comabella@ecomusicse<wbr \/>rvices.com<\/a><\/p>\n<p>[\/vc_column_text][\/vc_column_inner][vc_column_inner width=&#8221;1\/2&#8243;][vc_single_image image=&#8221;1322&#8243; img_size=&#8221;full&#8221; alignment=&#8221;center&#8221; onclick=&#8221;custom_link&#8221; img_link_target=&#8221;_blank&#8221; qode_css_animation=&#8221;&#8221; link=&#8221;mailto:Elisabeth.Comabella@ecomusicservices.com&#8221;][vc_column_text]<\/p>\n<p style=\"text-align: center;\">LLULL 47-49 08005 BARCELONA<\/p>\n<p style=\"text-align: center;\">PHONE\u00a0+34 931068965<\/p>\n<p style=\"text-align: center;\"><a href=\"mailto:info@kimfanlo.com\" target=\"_blank\" rel=\"noopener noreferrer\">info@kimfanlo.com<\/a><\/p>\n<p>[\/vc_column_text][\/vc_column_inner][\/vc_row_inner][\/vc_column][\/vc_row]<\/p>\n<\/div>","protected":false},"excerpt":{"rendered":"<p>[vc_row css_animation=&#8221;&#8221; row_type=&#8221;row&#8221; use_row_as_full_screen_section=&#8221;no&#8221; type=&#8221;grid&#8221; text_align=&#8221;center&#8221; padding_top=&#8221;0&#8243; padding_bottom=&#8221;0&#8243;][vc_column][vc_empty_space][vc_column_text] FOR BOOKING AND INFORMATION, PLEASE CONTACT [\/vc_column_text][vc_row_inner row_type=&#8221;row&#8221; type=&#8221;full_width&#8221; use_row_as_full_screen_section_slide=&#8221;no&#8221; text_align=&#8221;left&#8221; background_color=&#8221;rgba(0,0,0,0.25)&#8221; css_animation=&#8221;&#8221;][vc_column_inner width=&#8221;1\/2&#8243;][vc_single_image image=&#8221;1504&#8243; img_size=&#8221;full&#8221; alignment=&#8221;center&#8221; onclick=&#8221;custom_link&#8221; img_link_target=&#8221;_blank&#8221; qode_css_animation=&#8221;&#8221; link=&#8221;mailto:Elisabeth.Comabella@ecomusicservices.com&#8221;][vc_column_text el_class=&#8221;contacttext&#8221;] ELISABETH COMABELLA ECO MUSIC SERVICES PHONE +34\u00a0651829084 Elisabeth.Comabella@ecomusicservices.com [\/vc_column_text][\/vc_column_inner][vc_column_inner width=&#8221;1\/2&#8243;][vc_single_image image=&#8221;1322&#8243; img_size=&#8221;full&#8221; alignment=&#8221;center&#8221; onclick=&#8221;custom_link&#8221; img_link_target=&#8221;_blank&#8221;&#8230;<\/p>\n","protected":false},"author":1,"featured_media":0,"parent":0,"menu_order":0,"comment_status":"closed","ping_status":"closed","template":"contact-page.php","meta":{"footnotes":""},"yoast_head":"<!-- This site is optimized with the Yoast SEO plugin v21.7 - https:\/\/yoast.com\/wordpress\/plugins\/seo\/ -->\n<title>Kim Fanlo | Contact<\/title>\n<meta name=\"description\" content=\"Kim Fanlo (Barcelona, January 5, 1979) is a musician, producer, arranger, and composer.Influenced by his older brothers, he begins listening to bands like Kiss, The Police, and Metallica at a very young age, which spark his interest in music.At the age of eight he starts to teach himself to play the guitar and a year later begins studying music theory and classical guitar.\" \/>\n<meta name=\"robots\" content=\"index, follow, max-snippet:-1, max-image-preview:large, max-video-preview:-1\" \/>\n<link rel=\"canonical\" href=\"https:\/\/kimfanlo.com\/en\/contact\/\" \/>\n<meta property=\"og:locale\" content=\"en_US\" \/>\n<meta property=\"og:type\" content=\"article\" \/>\n<meta property=\"og:title\" content=\"Kim Fanlo | Contact\" \/>\n<meta property=\"og:description\" content=\"Kim Fanlo (Barcelona, January 5, 1979) is a musician, producer, arranger, and composer.Influenced by his older brothers, he begins listening to bands like Kiss, The Police, and Metallica at a very young age, which spark his interest in music.At the age of eight he starts to teach himself to play the guitar and a year later begins studying music theory and classical guitar.\" \/>\n<meta property=\"og:url\" content=\"https:\/\/kimfanlo.com\/en\/contact\/\" \/>\n<meta property=\"og:site_name\" content=\"Kim Fanlo\" \/>\n<meta property=\"article:publisher\" content=\"https:\/\/www.facebook.com\/kim.fanlo\" \/>\n<meta property=\"article:modified_time\" content=\"2023-12-22T14:13:48+00:00\" \/>\n<meta property=\"og:image\" content=\"https:\/\/kimfanlo.com\/wp-content\/uploads\/2016\/12\/fbimage.jpg\" \/>\n\t<meta property=\"og:image:width\" content=\"1200\" \/>\n\t<meta property=\"og:image:height\" content=\"628\" \/>\n\t<meta property=\"og:image:type\" content=\"image\/jpeg\" \/>\n<meta name=\"twitter:card\" content=\"summary_large_image\" \/>\n<meta name=\"twitter:title\" content=\"Kim Fanlo | Contact\" \/>\n<meta name=\"twitter:image\" content=\"https:\/\/kimfanlo.com\/wp-content\/uploads\/2016\/12\/fbimage.jpg\" \/>\n<meta name=\"twitter:site\" content=\"@kimfanlo\" \/>\n<meta name=\"twitter:label1\" content=\"Est. reading time\" \/>\n\t<meta name=\"twitter:data1\" content=\"1 minute\" \/>\n<script type=\"application\/ld+json\" class=\"yoast-schema-graph\">{\"@context\":\"https:\/\/schema.org\",\"@graph\":[{\"@type\":\"WebPage\",\"@id\":\"https:\/\/kimfanlo.com\/en\/contact\/\",\"url\":\"https:\/\/kimfanlo.com\/en\/contact\/\",\"name\":\"Kim Fanlo | Contact\",\"isPartOf\":{\"@id\":\"https:\/\/kimfanlo.com\/#website\"},\"datePublished\":\"2015-10-27T11:47:18+00:00\",\"dateModified\":\"2023-12-22T14:13:48+00:00\",\"description\":\"Kim Fanlo (Barcelona, January 5, 1979) is a musician, producer, arranger, and composer.Influenced by his older brothers, he begins listening to bands like Kiss, The Police, and Metallica at a very young age, which spark his interest in music.At the age of eight he starts to teach himself to play the guitar and a year later begins studying music theory and classical guitar.\",\"breadcrumb\":{\"@id\":\"https:\/\/kimfanlo.com\/en\/contact\/#breadcrumb\"},\"inLanguage\":\"en-US\",\"potentialAction\":[{\"@type\":\"ReadAction\",\"target\":[\"https:\/\/kimfanlo.com\/en\/contact\/\"]}]},{\"@type\":\"BreadcrumbList\",\"@id\":\"https:\/\/kimfanlo.com\/en\/contact\/#breadcrumb\",\"itemListElement\":[{\"@type\":\"ListItem\",\"position\":1,\"name\":\"Portada\",\"item\":\"https:\/\/kimfanlo.com\/en\/\"},{\"@type\":\"ListItem\",\"position\":2,\"name\":\"Contact\"}]},{\"@type\":\"WebSite\",\"@id\":\"https:\/\/kimfanlo.com\/#website\",\"url\":\"https:\/\/kimfanlo.com\/\",\"name\":\"Kim Fanlo\",\"description\":\"Sitio oficial del m\u00fasico y productor barcelon\u00e9s . Biograf\u00eda, discograf\u00eda, noticias, fechas de conciertos, v\u00eddeos y fotograf\u00edas.\",\"publisher\":{\"@id\":\"https:\/\/kimfanlo.com\/#organization\"},\"potentialAction\":[{\"@type\":\"SearchAction\",\"target\":{\"@type\":\"EntryPoint\",\"urlTemplate\":\"https:\/\/kimfanlo.com\/?s={search_term_string}\"},\"query-input\":\"required name=search_term_string\"}],\"inLanguage\":\"en-US\"},{\"@type\":\"Organization\",\"@id\":\"https:\/\/kimfanlo.com\/#organization\",\"name\":\"Kim Fanlo\",\"url\":\"https:\/\/kimfanlo.com\/\",\"logo\":{\"@type\":\"ImageObject\",\"inLanguage\":\"en-US\",\"@id\":\"https:\/\/kimfanlo.com\/#\/schema\/logo\/image\/\",\"url\":\"https:\/\/kimfanlo.com\/wp-content\/uploads\/2023\/12\/LogoSEO.jpg\",\"contentUrl\":\"https:\/\/kimfanlo.com\/wp-content\/uploads\/2023\/12\/LogoSEO.jpg\",\"width\":696,\"height\":696,\"caption\":\"Kim Fanlo\"},\"image\":{\"@id\":\"https:\/\/kimfanlo.com\/#\/schema\/logo\/image\/\"},\"sameAs\":[\"https:\/\/www.facebook.com\/kim.fanlo\",\"https:\/\/twitter.com\/kimfanlo\"]}]}<\/script>\n<!-- \/ Yoast SEO plugin. -->","yoast_head_json":{"title":"Kim Fanlo | Contact","description":"Kim Fanlo (Barcelona, January 5, 1979) is a musician, producer, arranger, and composer.Influenced by his older brothers, he begins listening to bands like Kiss, The Police, and Metallica at a very young age, which spark his interest in music.At the age of eight he starts to teach himself to play the guitar and a year later begins studying music theory and classical guitar.","robots":{"index":"index","follow":"follow","max-snippet":"max-snippet:-1","max-image-preview":"max-image-preview:large","max-video-preview":"max-video-preview:-1"},"canonical":"https:\/\/kimfanlo.com\/en\/contact\/","og_locale":"en_US","og_type":"article","og_title":"Kim Fanlo | Contact","og_description":"Kim Fanlo (Barcelona, January 5, 1979) is a musician, producer, arranger, and composer.Influenced by his older brothers, he begins listening to bands like Kiss, The Police, and Metallica at a very young age, which spark his interest in music.At the age of eight he starts to teach himself to play the guitar and a year later begins studying music theory and classical guitar.","og_url":"https:\/\/kimfanlo.com\/en\/contact\/","og_site_name":"Kim Fanlo","article_publisher":"https:\/\/www.facebook.com\/kim.fanlo","article_modified_time":"2023-12-22T14:13:48+00:00","og_image":[{"width":1200,"height":628,"url":"https:\/\/kimfanlo.com\/wp-content\/uploads\/2016\/12\/fbimage.jpg","type":"image\/jpeg"}],"twitter_card":"summary_large_image","twitter_title":"Kim Fanlo | Contact","twitter_image":"https:\/\/kimfanlo.com\/wp-content\/uploads\/2016\/12\/fbimage.jpg","twitter_site":"@kimfanlo","twitter_misc":{"Est. reading time":"1 minute"},"schema":{"@context":"https:\/\/schema.org","@graph":[{"@type":"WebPage","@id":"https:\/\/kimfanlo.com\/en\/contact\/","url":"https:\/\/kimfanlo.com\/en\/contact\/","name":"Kim Fanlo | Contact","isPartOf":{"@id":"https:\/\/kimfanlo.com\/#website"},"datePublished":"2015-10-27T11:47:18+00:00","dateModified":"2023-12-22T14:13:48+00:00","description":"Kim Fanlo (Barcelona, January 5, 1979) is a musician, producer, arranger, and composer.Influenced by his older brothers, he begins listening to bands like Kiss, The Police, and Metallica at a very young age, which spark his interest in music.At the age of eight he starts to teach himself to play the guitar and a year later begins studying music theory and classical guitar.","breadcrumb":{"@id":"https:\/\/kimfanlo.com\/en\/contact\/#breadcrumb"},"inLanguage":"en-US","potentialAction":[{"@type":"ReadAction","target":["https:\/\/kimfanlo.com\/en\/contact\/"]}]},{"@type":"BreadcrumbList","@id":"https:\/\/kimfanlo.com\/en\/contact\/#breadcrumb","itemListElement":[{"@type":"ListItem","position":1,"name":"Portada","item":"https:\/\/kimfanlo.com\/en\/"},{"@type":"ListItem","position":2,"name":"Contact"}]},{"@type":"WebSite","@id":"https:\/\/kimfanlo.com\/#website","url":"https:\/\/kimfanlo.com\/","name":"Kim Fanlo","description":"Sitio oficial del m\u00fasico y productor barcelon\u00e9s . Biograf\u00eda, discograf\u00eda, noticias, fechas de conciertos, v\u00eddeos y fotograf\u00edas.","publisher":{"@id":"https:\/\/kimfanlo.com\/#organization"},"potentialAction":[{"@type":"SearchAction","target":{"@type":"EntryPoint","urlTemplate":"https:\/\/kimfanlo.com\/?s={search_term_string}"},"query-input":"required name=search_term_string"}],"inLanguage":"en-US"},{"@type":"Organization","@id":"https:\/\/kimfanlo.com\/#organization","name":"Kim Fanlo","url":"https:\/\/kimfanlo.com\/","logo":{"@type":"ImageObject","inLanguage":"en-US","@id":"https:\/\/kimfanlo.com\/#\/schema\/logo\/image\/","url":"https:\/\/kimfanlo.com\/wp-content\/uploads\/2023\/12\/LogoSEO.jpg","contentUrl":"https:\/\/kimfanlo.com\/wp-content\/uploads\/2023\/12\/LogoSEO.jpg","width":696,"height":696,"caption":"Kim Fanlo"},"image":{"@id":"https:\/\/kimfanlo.com\/#\/schema\/logo\/image\/"},"sameAs":["https:\/\/www.facebook.com\/kim.fanlo","https:\/\/twitter.com\/kimfanlo"]}]}},"_links":{"self":[{"href":"https:\/\/kimfanlo.com\/en\/wp-json\/wp\/v2\/pages\/1524"}],"collection":[{"href":"https:\/\/kimfanlo.com\/en\/wp-json\/wp\/v2\/pages"}],"about":[{"href":"https:\/\/kimfanlo.com\/en\/wp-json\/wp\/v2\/types\/page"}],"author":[{"embeddable":true,"href":"https:\/\/kimfanlo.com\/en\/wp-json\/wp\/v2\/users\/1"}],"replies":[{"embeddable":true,"href":"https:\/\/kimfanlo.com\/en\/wp-json\/wp\/v2\/comments?post=1524"}],"version-history":[{"count":0,"href":"https:\/\/kimfanlo.com\/en\/wp-json\/wp\/v2\/pages\/1524\/revisions"}],"wp:attachment":[{"href":"https:\/\/kimfanlo.com\/en\/wp-json\/wp\/v2\/media?parent=1524"}],"curies":[{"name":"wp","href":"https:\/\/api.w.org\/{rel}","templated":true}]}}