{"id":1514,"date":"2015-11-13T14:57:57","date_gmt":"2015-11-13T13:57:57","guid":{"rendered":"http:\/\/kimfanlo.com\/wickedsound\/"},"modified":"2026-01-07T17:12:16","modified_gmt":"2026-01-07T16:12:16","slug":"wickedsound","status":"publish","type":"page","link":"https:\/\/kimfanlo.com\/en\/wickedsound\/","title":{"rendered":"Wicked Sound"},"content":{"rendered":"<div class=\"wpb-content-wrapper\"><p>[vc_row css_animation=&#8221;&#8221; row_type=&#8221;row&#8221; use_row_as_full_screen_section=&#8221;no&#8221; type=&#8221;grid&#8221; text_align=&#8221;left&#8221; background_color=&#8221;rgba(0,0,0,0.5)&#8221; padding_top=&#8221;25&#8243; padding_bottom=&#8221;25&#8243;][vc_column css=&#8221;.vc_custom_1447670476223{background-position: center !important;background-repeat: no-repeat !important;background-size: contain !important;}&#8221;][vc_row_inner row_type=&#8221;row&#8221; type=&#8221;full_width&#8221; use_row_as_full_screen_section_slide=&#8221;no&#8221; text_align=&#8221;left&#8221; css_animation=&#8221;&#8221;][vc_column_inner]<div class=\"cqcarousel-container \" data-slidestoshow=\"5\" data-thumbstoshow=\"5\" data-dots=\"no\" data-arrows=\"no\" data-isgallery=\"is-gallery\" data-largeimagearrows=\"yes\" data-autoplay=\"yes\" data-autoplayspeed=\"2500\" data-containerwidth=\"100%\" data-containermaxwidth=\"1130px\" data-imgnum=\"5\" data-bottomversion=\"\" data-dotbottom=\"\" data-lightboxmode=\"prettyphoto\"><div class=\"carousel-gallery\"><div><img decoding=\"async\" src=\"https:\/\/kimfanlo.com\/wp-content\/uploads\/2021\/06\/01-foto-control-WS_IMG_8564.jpg\" alt=\"\" \/><\/div><div><img decoding=\"async\" src=\"https:\/\/kimfanlo.com\/wp-content\/uploads\/2021\/06\/02-foto-gtrssynths-WS_IMG_E8336.jpg\" alt=\"\" \/><\/div><div><img decoding=\"async\" src=\"https:\/\/kimfanlo.com\/wp-content\/uploads\/2021\/06\/03-foto-ampegdrums-up-WS_IMG_8662.jpg\" alt=\"\" \/><\/div><div><img decoding=\"async\" src=\"https:\/\/kimfanlo.com\/wp-content\/uploads\/2021\/06\/04-foto-amps-WS_IMG_8369.jpg\" alt=\"\" \/><\/div><div><img decoding=\"async\" src=\"https:\/\/kimfanlo.com\/wp-content\/uploads\/2021\/06\/05-foto-piano-bright-WS_IMG_8675.jpg\" alt=\"\" \/><\/div><\/div><div class=\"carousel-thumb is-gallery\"><div title=\"\"><img decoding=\"async\" src=\"https:\/\/kimfanlo.com\/wp-content\/uploads\/2021\/06\/01-foto-control-WS_IMG_8564.jpg\" alt=\"\" \/><\/div><div title=\"\"><img decoding=\"async\" src=\"https:\/\/kimfanlo.com\/wp-content\/uploads\/2021\/06\/02-foto-gtrssynths-WS_IMG_E8336.jpg\" alt=\"\" \/><\/div><div title=\"\"><img decoding=\"async\" src=\"https:\/\/kimfanlo.com\/wp-content\/uploads\/2021\/06\/03-foto-ampegdrums-up-WS_IMG_8662.jpg\" alt=\"\" \/><\/div><div title=\"\"><img decoding=\"async\" src=\"https:\/\/kimfanlo.com\/wp-content\/uploads\/2021\/06\/04-foto-amps-WS_IMG_8369.jpg\" alt=\"\" \/><\/div><div title=\"\"><img decoding=\"async\" src=\"https:\/\/kimfanlo.com\/wp-content\/uploads\/2021\/06\/05-foto-piano-bright-WS_IMG_8675.jpg\" alt=\"\" \/><\/div><\/div><\/div>[\/vc_column_inner][\/vc_row_inner][\/vc_column][\/vc_row][vc_row css_animation=&#8221;&#8221; row_type=&#8221;row&#8221; use_row_as_full_screen_section=&#8221;no&#8221; type=&#8221;grid&#8221; text_align=&#8221;left&#8221; background_color=&#8221;rgba(0,0,0,0.9)&#8221; padding_top=&#8221;25&#8243; padding_bottom=&#8221;25&#8243;][vc_column width=&#8221;1\/2&#8243; css=&#8221;.vc_custom_1447670476223{background-position: center !important;background-repeat: no-repeat !important;background-size: contain !important;}&#8221;][vc_row_inner row_type=&#8221;row&#8221; type=&#8221;full_width&#8221; use_row_as_full_screen_section_slide=&#8221;no&#8221; text_align=&#8221;left&#8221; css_animation=&#8221;&#8221;][vc_column_inner][\/vc_column_inner][\/vc_row_inner][vc_row_inner row_type=&#8221;row&#8221; type=&#8221;full_width&#8221; use_row_as_full_screen_section_slide=&#8221;no&#8221; text_align=&#8221;left&#8221; css_animation=&#8221;&#8221;][vc_column_inner][vc_single_image image=&#8221;1364&#8243; img_size=&#8221;445&#215;220&#8243; alignment=&#8221;center&#8221; qode_css_animation=&#8221;&#8221;][\/vc_column_inner][\/vc_row_inner][vc_empty_space][vc_column_text el_class=&#8221;*&#8221;]Wicked Sound is Kim Fanlo&#8217;s recording studio.<\/p>\n<p>Located in Barcelona, less than a mile from the beach, it has two rooms (live and control) with plenty of natural light, and a wide selection of vintage and modern gear.<\/p>\n<p>We offer a wide range of services, from full production, rental of recording studio with engineer included, or online mixing of songs you send us.<\/p>\n<p>If you&#8217;re not in the area or are unable to come to Wicked Sound and need professional musicians for your songs, we offer you the possibility to record online with our session musicians from our studio.<\/p>\n<p>You just have to send us a file with the song without the instrument you want us to record, and we&#8217;ll send you the tracks once they&#8217;ve been recorded.<\/p>\n<p>For more information about any of these services, you can complete the form and we&#8217;ll get in touch with you as soon\u00a0as possible.[\/vc_column_text][\/vc_column][vc_column width=&#8221;1\/2&#8243;][vc_row_inner row_type=&#8221;row&#8221; type=&#8221;full_width&#8221; use_row_as_full_screen_section_slide=&#8221;no&#8221; text_align=&#8221;left&#8221; css_animation=&#8221;&#8221;][vc_column_inner][vc_column_text]<\/p>\n<h3 style=\"text-align: left;\">Book Now<\/h3>\n<p>[\/vc_column_text][vc_empty_space]\n<div class=\"wpcf7 no-js\" id=\"wpcf7-f207-o1\" lang=\"es-ES\" dir=\"ltr\">\n<div class=\"screen-reader-response\"><p role=\"status\" aria-live=\"polite\" aria-atomic=\"true\"><\/p> <ul><\/ul><\/div>\n<form action=\"\/en\/wp-json\/wp\/v2\/pages\/1514#wpcf7-f207-o1\" method=\"post\" class=\"wpcf7-form init default\" aria-label=\"Formulario de contacto\" novalidate=\"novalidate\" data-status=\"init\">\n<div style=\"display: none;\">\n<input type=\"hidden\" name=\"_wpcf7\" value=\"207\" \/>\n<input type=\"hidden\" name=\"_wpcf7_version\" value=\"5.8.5\" \/>\n<input type=\"hidden\" name=\"_wpcf7_locale\" value=\"es_ES\" \/>\n<input type=\"hidden\" name=\"_wpcf7_unit_tag\" value=\"wpcf7-f207-o1\" \/>\n<input type=\"hidden\" name=\"_wpcf7_container_post\" value=\"0\" \/>\n<input type=\"hidden\" name=\"_wpcf7_posted_data_hash\" value=\"\" \/>\n<\/div>\n<p>Name *\n<\/p>\n<p><span class=\"wpcf7-form-control-wrap\" data-name=\"your-name\"><input size=\"40\" class=\"wpcf7-form-control wpcf7-text wpcf7-validates-as-required\" aria-required=\"true\" aria-invalid=\"false\" value=\"\" type=\"text\" name=\"your-name\" \/><\/span>\n<\/p>\n<p>Email *\n<\/p>\n<p><span class=\"wpcf7-form-control-wrap\" data-name=\"your-email\"><input size=\"40\" class=\"wpcf7-form-control wpcf7-email wpcf7-validates-as-required wpcf7-text wpcf7-validates-as-email\" aria-required=\"true\" aria-invalid=\"false\" value=\"\" type=\"email\" name=\"your-email\" \/><\/span>\n<\/p>\n<p>Phone *\n<\/p>\n<p><span class=\"wpcf7-form-control-wrap\" data-name=\"Telfono\"><input size=\"40\" class=\"wpcf7-form-control wpcf7-tel wpcf7-validates-as-required wpcf7-text wpcf7-validates-as-tel\" aria-required=\"true\" aria-invalid=\"false\" value=\"\" type=\"tel\" name=\"Telfono\" \/><\/span>\n<\/p>\n<p>CHOOSE AN OPTION *<br \/>\n<span class=\"wpcf7-form-control-wrap\" data-name=\"wickedsound-opciones\"><select class=\"wpcf7-form-control wpcf7-select wpcf7-validates-as-required\" aria-required=\"true\" aria-invalid=\"false\" name=\"wickedsound-opciones\"><option value=\"\">&#8212;Por favor, elige una opci\u00f3n&#8212;<\/option><option value=\"Production\">Production<\/option><option value=\"Audio Mixin\">Audio Mixin<\/option><option value=\"Recording studio\">Recording studio<\/option><option value=\"Online Recording\">Online Recording<\/option><option value=\"Others\">Others<\/option><\/select><\/span>\n<\/p>\n<p>WRITE APPROXIMATE DATES AND COMMENTS HERE\n<\/p>\n<p><span class=\"wpcf7-form-control-wrap\" data-name=\"your-message\"><textarea cols=\"40\" rows=\"10\" class=\"wpcf7-form-control wpcf7-textarea\" aria-invalid=\"false\" name=\"your-message\"><\/textarea><\/span>\n<\/p>\n<p><input class=\"wpcf7-form-control wpcf7-submit has-spinner\" type=\"submit\" value=\"Send\" \/>\n<\/p><div class=\"wpcf7-response-output\" aria-hidden=\"true\"><\/div>\n<\/form>\n<\/div>\n[\/vc_column_inner][\/vc_row_inner][\/vc_column][vc_column][vc_empty_space][vc_row_inner row_type=&#8221;row&#8221; type=&#8221;full_width&#8221; use_row_as_full_screen_section_slide=&#8221;no&#8221; text_align=&#8221;left&#8221; css_animation=&#8221;&#8221;][vc_column_inner width=&#8221;1\/4&#8243;]<span class=\"q_font_elegant_holder q_icon_shortcode normal pull-center q_icon_animation\" style=\"font-size: 22px;color: #ffffff; \"><a href=\"http:\/\/nordic-pack.com\/kimfanlo\/wp-content\/uploads\/sites\/37\/2016\/01\/LISTADO-EQUIPO.pdf.zip\" target=\"_self\"><span class=\"q_font_elegant_icon icon_cloud-download\" aria-hidden=\"true\" style=\"font-size: 22px;\"><\/span><\/a><\/span>[vc_column_text]<\/p>\n<h4 style=\"text-align: center;\">Equipment<\/h4>\n<p>[\/vc_column_text][vc_column_text]<strong>Sistema de grabaci\u00f3n:<\/strong><br \/>\nApple MacBook Pro M3 Pro<br \/>\nUniversal Audio Apollo x8<br \/>\nUniversal\u00a0 Audio Apollo Twin MkII Duo<br \/>\nUniversal Audio UAD 2 Quad<\/p>\n<p>Pro Tools Studio 2025<br \/>\nAbleton Live 11 Suite<br \/>\nLogic Pro<\/p>\n<p>Digidesign Pro Control<br \/>\nSonarWorks SoundID Reference<\/p>\n<p>&nbsp;<\/p>\n<p><strong>Monitors:<\/strong><br \/>\nAdam A7<br \/>\nYamaha HS8S active subwoofer<br \/>\nYamaha NS-10M (+ Crown K1)<br \/>\nMackie SRM450v2 monitors<\/p>\n<p>&nbsp;<\/p>\n<p><strong>Headphones:<\/strong><br \/>\nAudio Technica ATH-m50x<br \/>\nAudio Technica ATH-m40fs (x3)<br \/>\nSennheiser HD25 (x2)<br \/>\nSamson Q5 headphone amplifier<\/p>\n<p>&nbsp;<\/p>\n<p><strong>Preamps\/Outboard:<\/strong><br \/>\nAltec 1591A compressor amplifier<br \/>\nAPI 512c (x2)<br \/>\nShadow Hills Mono GAMA<br \/>\nHeritage Audio\u00a073jr<br \/>\nGreat River MP-2NV (2 preamps)<br \/>\nUniversal Audio LA-610 MkII<br \/>\nFocusrite Octopre MkII Dynamic (8 preamps)<br \/>\nAvalon U5 Class A DI<br \/>\nUrei LA-3A limiter-compressor<br \/>\nRetro Doublewide compressor<br \/>\nAlesis 3630 compressor[\/vc_column_text][\/vc_column_inner][vc_column_inner width=&#8221;1\/4&#8243;]<span class=\"q_font_elegant_holder q_icon_shortcode normal pull-center q_icon_animation\" style=\"font-size: 22px;color: #ffffff; \"><a href=\"http:\/\/nordic-pack.com\/kimfanlo\/wp-content\/uploads\/sites\/37\/2016\/01\/LISTADO-MICRO--FONOS.pdf.zip\" target=\"_self\"><span class=\"q_font_elegant_icon icon_cloud-download\" aria-hidden=\"true\" style=\"font-size: 22px;\"><\/span><\/a><\/span>[vc_column_text]<\/p>\n<h4 style=\"text-align: center;\">Microphones<\/h4>\n<p>[\/vc_column_text][vc_column_text]<strong>Dynamic:<\/strong><br \/>\nAKG D-112<br \/>\nSennheiser E-906<br \/>\nSennheiser MD-421 (x2)<br \/>\nSennheiser MD-441U<br \/>\nShure SM7<br \/>\nShure SM57 (x3)<br \/>\nShure Beta52<br \/>\nShure Beta57<br \/>\nShure Beta58<br \/>\nYamaha NS10M (Subkick)<\/p>\n<p>&nbsp;<\/p>\n<p><strong>Condenser:<\/strong><br \/>\nNeumann U67 (1967)<br \/>\nNeumann U87 Ai<br \/>\nAKG 414 B-ULS (x2)<br \/>\nBlue Baby Bottle<\/p>\n<p>&nbsp;<\/p>\n<p><strong>Ribbon:<\/strong><br \/>\nRoyer R-121 (x2)<br \/>\nT-Bone RB500 (x2)[\/vc_column_text][\/vc_column_inner][vc_column_inner width=&#8221;1\/4&#8243;]<span class=\"q_font_elegant_holder q_icon_shortcode normal pull-center q_icon_animation\" style=\"font-size: 22px;color: #ffffff; \"><a href=\"http:\/\/nordic-pack.com\/kimfanlo\/wp-content\/uploads\/sites\/37\/2016\/01\/LISTADO-BACKLINE.pdf.zip\" target=\"_self\"><span class=\"q_font_elegant_icon icon_cloud-download\" aria-hidden=\"true\" style=\"font-size: 22px;\"><\/span><\/a><\/span>[vc_column_text]<\/p>\n<h4 style=\"text-align: center;\">Backline<\/h4>\n<p>[\/vc_column_text][vc_column_text]<strong>Drums:<\/strong><br \/>\nSlingerland kit (mahogany, &#8217;70s)<br \/>\n20&#215;14, 12&#215;8, 16&#215;16<\/p>\n<p><strong>Snares:<\/strong><br \/>\nLudwig Supraphonic 14&#215;5 (steel, 60\u00b4s)<br \/>\nLudwig Acrolite 14&#215;5 (aluminum, 90\u00b4s)<br \/>\nLudwig Supralite 14&#215;8 (steel)<br \/>\nPDAL Drums 14&#215;5 (oak)<\/p>\n<p>&nbsp;<\/p>\n<p><strong>Guitar\/Bass Amplifiers:<\/strong><br \/>\nMesaBoogie Mark III head (red stripe)<br \/>\nMesaBoogie Mark III head (green stripe)<br \/>\nMarshall JMP MKII Lead 100w head (1978)<br \/>\nMesaBoogie 2\u00d712 cabinet (1986)<br \/>\nMarshall 4\u00d712 \u00abBlackbacks\u00bb (1976)<br \/>\nFender Vibrolux Reverb (1965)<br \/>\nFender Bassman \u201959<br \/>\nAmpeg SVT V9c head (1974)<br \/>\nGallien Krueger RB800<br \/>\nAmpeg Classic 8\u00d710\u2033 cabinet<\/p>\n<p>&nbsp;<\/p>\n<p><strong>Guitars\/Basses:<\/strong><br \/>\nFender Telecaster Deluxe (1977)<br \/>\nFender Telecaster (1979)<br \/>\nFender Stratocaster + Fishman Triple Play<br \/>\nFender Stratocaster (reissue\u00b462)<br \/>\nFender Jaguar (reissue\u00b466)<br \/>\nGibson Les Paul Standard (1979)<br \/>\nGibson Les Paul Custom Shop Limited Edition (1984)<br \/>\nGibson Explorer (1981)<br \/>\nGibson Flying V (1987)<br \/>\nJackson Randy Rhoads RRXT<br \/>\nCasio MG-510 (midi guitar)<br \/>\nMartin D-28<br \/>\nGibson J-45<br \/>\nFender Precision Bass (1978)<br \/>\nMusic Man Stingray 5<br \/>\nFender Banjo[\/vc_column_text][\/vc_column_inner][vc_column_inner width=&#8221;1\/4&#8243;]<span class=\"q_font_elegant_holder q_icon_shortcode normal pull-center q_icon_animation\" style=\"font-size: 22px;color: #ffffff; \"><a href=\"http:\/\/nordic-pack.com\/kimfanlo\/wp-content\/uploads\/sites\/37\/2016\/01\/LISTADO-VARIOS.pdf.zip\" target=\"_self\"><span class=\"q_font_elegant_icon icon_cloud-download\" aria-hidden=\"true\" style=\"font-size: 22px;\"><\/span><\/a><\/span>[vc_column_text]<\/p>\n<h4 style=\"text-align: center;\">Miscellaneous<\/h4>\n<p>[\/vc_column_text][vc_column_text]<strong>Pianos:<\/strong><\/p>\n<p>Piano Yamaha U3 (upright) + Silent System (midi)<\/p>\n<p><strong>Sintetizadores:<\/strong><\/p>\n<p>Korg Polysix (+midi)<br \/>\nRoland Juno-60 (+MD-8 midi)<br \/>\nRoland SH-101 (+Kenton Pro Solo MkII)<br \/>\nMoog Prodigy (+Kenton Pro Solo MkII)<br \/>\nYamaha DX7<br \/>\nYamaha PSS-270<\/p>\n<p>&nbsp;<\/p>\n<p><strong>Varios:<\/strong><\/p>\n<p>Roland Space Echo RE-201<br \/>\nRoland TR-606<br \/>\nRoland TR-707<br \/>\nRoland TR-909<br \/>\nRoland TB-303 (+ Quicksilver midi kit)<\/p>\n<p>Ableton Push2<br \/>\nArturia Minilab 3<br \/>\nArturia V-Collection 9<br \/>\nKorg Collection 4<\/p>\n<p>&nbsp;<\/p>\n<p><strong>Pedales\/Outboard:<\/strong><\/p>\n<p>Boss Vibrato VB-2 (Japan)<br \/>\nBoss Analog Delay DM-2 (Japan)<br \/>\nBoss Digital Delay DD-3 (Japan)<br \/>\nBoss Octave OC-2 (Japan)<br \/>\nDecibelics Klon Centaur (x2)<br \/>\nDiamond compressor<br \/>\nDigitech Whammy WH-1 original (x2)<br \/>\nDigitech Synth Wah Envelope Filter<br \/>\nDOD Stereo Chorus FX65<br \/>\neBow<br \/>\nEBS MultiComp<br \/>\nErnie Ball Volume Jr<br \/>\nFulltone OCD<br \/>\nElectro-Harmonix Q-Tron<br \/>\nElectro-Haromix\/Sovtek Big Muff (vintage)<br \/>\nElectro-Harmonix Micro-Synthesizer (vintage)<br \/>\nElectro-Harmonix Small Stone (vintage)<br \/>\nEmma Electronics Reezafratzitz<br \/>\nIbanez Tube Screamer TS-9<br \/>\nKeeley Katana Clear Boost<br \/>\nLine 6 Delay Modeler DL-4<br \/>\nLine 6 Modulation Modeler MM-4<br \/>\nMantic Flex Pro<br \/>\nMoogerFooger Low Pass Filter MF-101<br \/>\nRocktron Banshee Talkbox<br \/>\nRoger Mayer Voodoo-Vibe<br \/>\nRoland EV5 expression pedal<br \/>\nStrymon BigSky<br \/>\nStrymon TimeLine<br \/>\nStrymon Flint<br \/>\nTC Electronics Ditto<br \/>\nTech21 SansAmp Classic<br \/>\nVertex Steel String Clean Overdrive[\/vc_column_text][\/vc_column_inner][vc_column_inner][\/vc_column_inner][\/vc_row_inner][\/vc_column][\/vc_row]<\/p>\n<\/div>","protected":false},"excerpt":{"rendered":"<p>[vc_row css_animation=&#8221;&#8221; row_type=&#8221;row&#8221; use_row_as_full_screen_section=&#8221;no&#8221; type=&#8221;grid&#8221; text_align=&#8221;left&#8221; background_color=&#8221;rgba(0,0,0,0.5)&#8221; padding_top=&#8221;25&#8243; padding_bottom=&#8221;25&#8243;][vc_column css=&#8221;.vc_custom_1447670476223{background-position: center !important;background-repeat: no-repeat !important;background-size: contain !important;}&#8221;][vc_row_inner row_type=&#8221;row&#8221; type=&#8221;full_width&#8221; use_row_as_full_screen_section_slide=&#8221;no&#8221; text_align=&#8221;left&#8221; css_animation=&#8221;&#8221;][vc_column_inner][\/vc_column_inner][\/vc_row_inner][\/vc_column][\/vc_row][vc_row css_animation=&#8221;&#8221; row_type=&#8221;row&#8221; use_row_as_full_screen_section=&#8221;no&#8221; type=&#8221;grid&#8221; text_align=&#8221;left&#8221; background_color=&#8221;rgba(0,0,0,0.9)&#8221; padding_top=&#8221;25&#8243; padding_bottom=&#8221;25&#8243;][vc_column width=&#8221;1\/2&#8243; css=&#8221;.vc_custom_1447670476223{background-position: center !important;background-repeat: no-repeat !important;background-size: contain !important;}&#8221;][vc_row_inner row_type=&#8221;row&#8221; type=&#8221;full_width&#8221; use_row_as_full_screen_section_slide=&#8221;no&#8221; text_align=&#8221;left&#8221; css_animation=&#8221;&#8221;][vc_column_inner][\/vc_column_inner][\/vc_row_inner][vc_row_inner row_type=&#8221;row&#8221; type=&#8221;full_width&#8221; use_row_as_full_screen_section_slide=&#8221;no&#8221;&#8230;<\/p>\n","protected":false},"author":1,"featured_media":0,"parent":0,"menu_order":0,"comment_status":"closed","ping_status":"closed","template":"","meta":{"footnotes":""},"yoast_head":"<!-- This site is optimized with the Yoast SEO plugin v21.7 - https:\/\/yoast.com\/wordpress\/plugins\/seo\/ -->\n<title>Wicked Sound<\/title>\n<meta name=\"description\" content=\"Wicked Sound es el estudio de grabaci\u00f3n y laboratorio sonoro de Kim Fanlo. Situado en el distrito de Poblenou de Barcelona, a menos de 1km de la playa, cuenta con dos salas (grabaci\u00f3n y control) con luz natural y una amplia selecci\u00f3n de equipo vintage y moderno.\" \/>\n<meta name=\"robots\" content=\"index, follow, max-snippet:-1, max-image-preview:large, max-video-preview:-1\" \/>\n<link rel=\"canonical\" href=\"https:\/\/kimfanlo.com\/en\/wickedsound\/\" \/>\n<meta property=\"og:locale\" content=\"en_US\" \/>\n<meta property=\"og:type\" content=\"article\" \/>\n<meta property=\"og:title\" content=\"Wicked Sound\" \/>\n<meta property=\"og:description\" content=\"Wicked Sound es el estudio de grabaci\u00f3n y laboratorio sonoro de Kim Fanlo. Situado en el distrito de Poblenou de Barcelona, a menos de 1km de la playa, cuenta con dos salas (grabaci\u00f3n y control) con luz natural y una amplia selecci\u00f3n de equipo vintage y moderno.\" \/>\n<meta property=\"og:url\" content=\"https:\/\/kimfanlo.com\/en\/wickedsound\/\" \/>\n<meta property=\"og:site_name\" content=\"Kim Fanlo\" \/>\n<meta property=\"article:publisher\" content=\"https:\/\/www.facebook.com\/kim.fanlo\" \/>\n<meta property=\"article:modified_time\" content=\"2026-01-07T16:12:16+00:00\" \/>\n<meta property=\"og:image\" content=\"https:\/\/kimfanlo.com\/wp-content\/uploads\/2016\/11\/fbimagedark.jpg\" \/>\n\t<meta property=\"og:image:width\" content=\"1200\" \/>\n\t<meta property=\"og:image:height\" content=\"628\" \/>\n\t<meta property=\"og:image:type\" content=\"image\/jpeg\" \/>\n<meta name=\"twitter:card\" content=\"summary_large_image\" \/>\n<meta name=\"twitter:site\" content=\"@kimfanlo\" \/>\n<meta name=\"twitter:label1\" content=\"Est. reading time\" \/>\n\t<meta name=\"twitter:data1\" content=\"4 minutes\" \/>\n<script type=\"application\/ld+json\" class=\"yoast-schema-graph\">{\"@context\":\"https:\/\/schema.org\",\"@graph\":[{\"@type\":\"WebPage\",\"@id\":\"https:\/\/kimfanlo.com\/en\/wickedsound\/\",\"url\":\"https:\/\/kimfanlo.com\/en\/wickedsound\/\",\"name\":\"Wicked Sound\",\"isPartOf\":{\"@id\":\"https:\/\/kimfanlo.com\/#website\"},\"datePublished\":\"2015-11-13T13:57:57+00:00\",\"dateModified\":\"2026-01-07T16:12:16+00:00\",\"description\":\"Wicked Sound es el estudio de grabaci\u00f3n y laboratorio sonoro de Kim Fanlo. Situado en el distrito de Poblenou de Barcelona, a menos de 1km de la playa, cuenta con dos salas (grabaci\u00f3n y control) con luz natural y una amplia selecci\u00f3n de equipo vintage y moderno.\",\"breadcrumb\":{\"@id\":\"https:\/\/kimfanlo.com\/en\/wickedsound\/#breadcrumb\"},\"inLanguage\":\"en-US\",\"potentialAction\":[{\"@type\":\"ReadAction\",\"target\":[\"https:\/\/kimfanlo.com\/en\/wickedsound\/\"]}]},{\"@type\":\"BreadcrumbList\",\"@id\":\"https:\/\/kimfanlo.com\/en\/wickedsound\/#breadcrumb\",\"itemListElement\":[{\"@type\":\"ListItem\",\"position\":1,\"name\":\"Portada\",\"item\":\"https:\/\/kimfanlo.com\/en\/\"},{\"@type\":\"ListItem\",\"position\":2,\"name\":\"Wicked Sound\"}]},{\"@type\":\"WebSite\",\"@id\":\"https:\/\/kimfanlo.com\/#website\",\"url\":\"https:\/\/kimfanlo.com\/\",\"name\":\"Kim Fanlo\",\"description\":\"Sitio oficial del m\u00fasico y productor barcelon\u00e9s . Biograf\u00eda, discograf\u00eda, noticias, fechas de conciertos, v\u00eddeos y fotograf\u00edas.\",\"publisher\":{\"@id\":\"https:\/\/kimfanlo.com\/#organization\"},\"potentialAction\":[{\"@type\":\"SearchAction\",\"target\":{\"@type\":\"EntryPoint\",\"urlTemplate\":\"https:\/\/kimfanlo.com\/?s={search_term_string}\"},\"query-input\":\"required name=search_term_string\"}],\"inLanguage\":\"en-US\"},{\"@type\":\"Organization\",\"@id\":\"https:\/\/kimfanlo.com\/#organization\",\"name\":\"Kim Fanlo\",\"url\":\"https:\/\/kimfanlo.com\/\",\"logo\":{\"@type\":\"ImageObject\",\"inLanguage\":\"en-US\",\"@id\":\"https:\/\/kimfanlo.com\/#\/schema\/logo\/image\/\",\"url\":\"https:\/\/kimfanlo.com\/wp-content\/uploads\/2023\/12\/LogoSEO.jpg\",\"contentUrl\":\"https:\/\/kimfanlo.com\/wp-content\/uploads\/2023\/12\/LogoSEO.jpg\",\"width\":696,\"height\":696,\"caption\":\"Kim Fanlo\"},\"image\":{\"@id\":\"https:\/\/kimfanlo.com\/#\/schema\/logo\/image\/\"},\"sameAs\":[\"https:\/\/www.facebook.com\/kim.fanlo\",\"https:\/\/twitter.com\/kimfanlo\"]}]}<\/script>\n<!-- \/ Yoast SEO plugin. -->","yoast_head_json":{"title":"Wicked Sound","description":"Wicked Sound es el estudio de grabaci\u00f3n y laboratorio sonoro de Kim Fanlo. Situado en el distrito de Poblenou de Barcelona, a menos de 1km de la playa, cuenta con dos salas (grabaci\u00f3n y control) con luz natural y una amplia selecci\u00f3n de equipo vintage y moderno.","robots":{"index":"index","follow":"follow","max-snippet":"max-snippet:-1","max-image-preview":"max-image-preview:large","max-video-preview":"max-video-preview:-1"},"canonical":"https:\/\/kimfanlo.com\/en\/wickedsound\/","og_locale":"en_US","og_type":"article","og_title":"Wicked Sound","og_description":"Wicked Sound es el estudio de grabaci\u00f3n y laboratorio sonoro de Kim Fanlo. Situado en el distrito de Poblenou de Barcelona, a menos de 1km de la playa, cuenta con dos salas (grabaci\u00f3n y control) con luz natural y una amplia selecci\u00f3n de equipo vintage y moderno.","og_url":"https:\/\/kimfanlo.com\/en\/wickedsound\/","og_site_name":"Kim Fanlo","article_publisher":"https:\/\/www.facebook.com\/kim.fanlo","article_modified_time":"2026-01-07T16:12:16+00:00","og_image":[{"width":1200,"height":628,"url":"https:\/\/kimfanlo.com\/wp-content\/uploads\/2016\/11\/fbimagedark.jpg","type":"image\/jpeg"}],"twitter_card":"summary_large_image","twitter_site":"@kimfanlo","twitter_misc":{"Est. reading time":"4 minutes"},"schema":{"@context":"https:\/\/schema.org","@graph":[{"@type":"WebPage","@id":"https:\/\/kimfanlo.com\/en\/wickedsound\/","url":"https:\/\/kimfanlo.com\/en\/wickedsound\/","name":"Wicked Sound","isPartOf":{"@id":"https:\/\/kimfanlo.com\/#website"},"datePublished":"2015-11-13T13:57:57+00:00","dateModified":"2026-01-07T16:12:16+00:00","description":"Wicked Sound es el estudio de grabaci\u00f3n y laboratorio sonoro de Kim Fanlo. Situado en el distrito de Poblenou de Barcelona, a menos de 1km de la playa, cuenta con dos salas (grabaci\u00f3n y control) con luz natural y una amplia selecci\u00f3n de equipo vintage y moderno.","breadcrumb":{"@id":"https:\/\/kimfanlo.com\/en\/wickedsound\/#breadcrumb"},"inLanguage":"en-US","potentialAction":[{"@type":"ReadAction","target":["https:\/\/kimfanlo.com\/en\/wickedsound\/"]}]},{"@type":"BreadcrumbList","@id":"https:\/\/kimfanlo.com\/en\/wickedsound\/#breadcrumb","itemListElement":[{"@type":"ListItem","position":1,"name":"Portada","item":"https:\/\/kimfanlo.com\/en\/"},{"@type":"ListItem","position":2,"name":"Wicked Sound"}]},{"@type":"WebSite","@id":"https:\/\/kimfanlo.com\/#website","url":"https:\/\/kimfanlo.com\/","name":"Kim Fanlo","description":"Sitio oficial del m\u00fasico y productor barcelon\u00e9s . Biograf\u00eda, discograf\u00eda, noticias, fechas de conciertos, v\u00eddeos y fotograf\u00edas.","publisher":{"@id":"https:\/\/kimfanlo.com\/#organization"},"potentialAction":[{"@type":"SearchAction","target":{"@type":"EntryPoint","urlTemplate":"https:\/\/kimfanlo.com\/?s={search_term_string}"},"query-input":"required name=search_term_string"}],"inLanguage":"en-US"},{"@type":"Organization","@id":"https:\/\/kimfanlo.com\/#organization","name":"Kim Fanlo","url":"https:\/\/kimfanlo.com\/","logo":{"@type":"ImageObject","inLanguage":"en-US","@id":"https:\/\/kimfanlo.com\/#\/schema\/logo\/image\/","url":"https:\/\/kimfanlo.com\/wp-content\/uploads\/2023\/12\/LogoSEO.jpg","contentUrl":"https:\/\/kimfanlo.com\/wp-content\/uploads\/2023\/12\/LogoSEO.jpg","width":696,"height":696,"caption":"Kim Fanlo"},"image":{"@id":"https:\/\/kimfanlo.com\/#\/schema\/logo\/image\/"},"sameAs":["https:\/\/www.facebook.com\/kim.fanlo","https:\/\/twitter.com\/kimfanlo"]}]}},"_links":{"self":[{"href":"https:\/\/kimfanlo.com\/en\/wp-json\/wp\/v2\/pages\/1514"}],"collection":[{"href":"https:\/\/kimfanlo.com\/en\/wp-json\/wp\/v2\/pages"}],"about":[{"href":"https:\/\/kimfanlo.com\/en\/wp-json\/wp\/v2\/types\/page"}],"author":[{"embeddable":true,"href":"https:\/\/kimfanlo.com\/en\/wp-json\/wp\/v2\/users\/1"}],"replies":[{"embeddable":true,"href":"https:\/\/kimfanlo.com\/en\/wp-json\/wp\/v2\/comments?post=1514"}],"version-history":[{"count":9,"href":"https:\/\/kimfanlo.com\/en\/wp-json\/wp\/v2\/pages\/1514\/revisions"}],"predecessor-version":[{"id":2024,"href":"https:\/\/kimfanlo.com\/en\/wp-json\/wp\/v2\/pages\/1514\/revisions\/2024"}],"wp:attachment":[{"href":"https:\/\/kimfanlo.com\/en\/wp-json\/wp\/v2\/media?parent=1514"}],"curies":[{"name":"wp","href":"https:\/\/api.w.org\/{rel}","templated":true}]}}